{"id":1005,"date":"2018-10-20T09:16:02","date_gmt":"2018-10-20T09:16:02","guid":{"rendered":"https:\/\/mulleribagroup.com\/?page_id=1005"},"modified":"2019-01-22T02:47:45","modified_gmt":"2019-01-22T02:47:45","slug":"plumbing","status":"publish","type":"page","link":"https:\/\/mulleribagroup.com\/es\/products\/plumbing\/","title":{"rendered":"Productos de plomeria (Muestreo)"},"content":{"rendered":"<p>Nosotros producimos una variedad de productos de plomer\u00eda en nuestras f\u00e1bricas certificadas. Todos los tipos de materia prima pueden ser usados acorde con los requerimientos del cliente, incluyendo plomo sin lat\u00f3n. Al fabricar productos originales (OEM) tambi\u00e9n tenemos productos de cUPC certificados. <strong>Como producimos m\u00e1s de 5000 productos diferentes, no tenemos la capacidad de mostrarlos todos en esta p\u00e1gina web<\/strong>. No dude en preguntarnos por alg\u00fan producto que necesita encontrar o producir.<br \/>\nTenemos m\u00e1s de 23 a\u00f1os de experiencia en esta industria. <strong>Estas en buenas manos<\/strong>.<\/p>\n","protected":false},"excerpt":{"rendered":"<p>Nosotros producimos una variedad de productos de plomer\u00eda en nuestras f\u00e1bricas certificadas. Todos los tipos de materia prima pueden ser usados acorde con los requerimientos del cliente, incluyendo plomo sin lat\u00f3n. Al fabricar productos originales (OEM) tambi\u00e9n tenemos productos de cUPC certificados. Como producimos m\u00e1s de 5000 productos diferentes, no tenemos la capacidad de mostrarlos [&hellip;]<\/p>\n","protected":false},"author":1,"featured_media":0,"parent":955,"menu_order":16,"comment_status":"closed","ping_status":"closed","template":"template-plumbing.php","meta":{"footnotes":""},"class_list":["post-1005","page","type-page","status-publish","hentry"],"acf":[],"_links":{"self":[{"href":"https:\/\/mulleribagroup.com\/es\/wp-json\/wp\/v2\/pages\/1005","targetHints":{"allow":["GET"]}}],"collection":[{"href":"https:\/\/mulleribagroup.com\/es\/wp-json\/wp\/v2\/pages"}],"about":[{"href":"https:\/\/mulleribagroup.com\/es\/wp-json\/wp\/v2\/types\/page"}],"author":[{"embeddable":true,"href":"https:\/\/mulleribagroup.com\/es\/wp-json\/wp\/v2\/users\/1"}],"replies":[{"embeddable":true,"href":"https:\/\/mulleribagroup.com\/es\/wp-json\/wp\/v2\/comments?post=1005"}],"version-history":[{"count":21,"href":"https:\/\/mulleribagroup.com\/es\/wp-json\/wp\/v2\/pages\/1005\/revisions"}],"predecessor-version":[{"id":1542,"href":"https:\/\/mulleribagroup.com\/es\/wp-json\/wp\/v2\/pages\/1005\/revisions\/1542"}],"up":[{"embeddable":true,"href":"https:\/\/mulleribagroup.com\/es\/wp-json\/wp\/v2\/pages\/955"}],"wp:attachment":[{"href":"https:\/\/mulleribagroup.com\/es\/wp-json\/wp\/v2\/media?parent=1005"}],"curies":[{"name":"wp","href":"https:\/\/api.w.org\/{rel}","templated":true}]}}