{"id":1007,"date":"2018-11-15T05:25:56","date_gmt":"2018-11-15T05:25:56","guid":{"rendered":"https:\/\/mulleribagroup.com\/?page_id=1007"},"modified":"2019-01-15T20:51:23","modified_gmt":"2019-01-15T20:51:23","slug":"bathroom-kitchen","status":"publish","type":"page","link":"https:\/\/mulleribagroup.com\/es\/products\/bathroom-kitchen\/","title":{"rendered":"Ba\u00f1o y cocina"},"content":{"rendered":"<p>Nosotros fabricamos todos los gabinetes en nuestra f\u00e1brica certificada ISO 9001 y usamos las mejores maquinarias para as\u00ed poder entregarles un producto sin defectos. Nosotros fabricamos productos est\u00e1ndares y originales y tenemos una gran cantidad de modelos disponibles. Solicita nuestro cat\u00e1logo.<\/p>\n","protected":false},"excerpt":{"rendered":"<p>Nosotros fabricamos todos los gabinetes en nuestra f\u00e1brica certificada ISO 9001 y usamos las mejores maquinarias para as\u00ed poder entregarles un producto sin defectos. Nosotros fabricamos productos est\u00e1ndares y originales y tenemos una gran cantidad de modelos disponibles. Solicita nuestro cat\u00e1logo.<\/p>\n","protected":false},"author":1,"featured_media":0,"parent":955,"menu_order":24,"comment_status":"closed","ping_status":"closed","template":"template-plumbing.php","meta":{"footnotes":""},"class_list":["post-1007","page","type-page","status-publish","hentry"],"acf":[],"_links":{"self":[{"href":"https:\/\/mulleribagroup.com\/es\/wp-json\/wp\/v2\/pages\/1007","targetHints":{"allow":["GET"]}}],"collection":[{"href":"https:\/\/mulleribagroup.com\/es\/wp-json\/wp\/v2\/pages"}],"about":[{"href":"https:\/\/mulleribagroup.com\/es\/wp-json\/wp\/v2\/types\/page"}],"author":[{"embeddable":true,"href":"https:\/\/mulleribagroup.com\/es\/wp-json\/wp\/v2\/users\/1"}],"replies":[{"embeddable":true,"href":"https:\/\/mulleribagroup.com\/es\/wp-json\/wp\/v2\/comments?post=1007"}],"version-history":[{"count":5,"href":"https:\/\/mulleribagroup.com\/es\/wp-json\/wp\/v2\/pages\/1007\/revisions"}],"predecessor-version":[{"id":1525,"href":"https:\/\/mulleribagroup.com\/es\/wp-json\/wp\/v2\/pages\/1007\/revisions\/1525"}],"up":[{"embeddable":true,"href":"https:\/\/mulleribagroup.com\/es\/wp-json\/wp\/v2\/pages\/955"}],"wp:attachment":[{"href":"https:\/\/mulleribagroup.com\/es\/wp-json\/wp\/v2\/media?parent=1007"}],"curies":[{"name":"wp","href":"https:\/\/api.w.org\/{rel}","templated":true}]}}