{"id":765,"date":"2018-09-26T06:00:17","date_gmt":"2018-09-26T06:00:17","guid":{"rendered":"https:\/\/mulleribagroup.com\/?page_id=765"},"modified":"2019-01-14T20:55:31","modified_gmt":"2019-01-14T20:55:31","slug":"products","status":"publish","type":"page","link":"https:\/\/mulleribagroup.com\/fr\/products\/","title":{"rendered":"Nos produits"},"content":{"rendered":"<h2>MULLER IBA Group<\/h2>\n<p>En compl\u00e9ment de notre large gamme de produits d\u00e9j\u00e0 manufactur\u00e9s, notre \u00e9quipe poss\u00e8de une riche exp\u00e9rience dans les produits de sous-traitance :<\/p>\n<p>A partir des mati\u00e8res premi\u00e8res suivantes<br \/>\nLaiton, cuivre, bronze, aluminium, acier, bois et polym\u00e8res, nous produisons :<\/p>\n","protected":false},"excerpt":{"rendered":"<p>MULLER IBA Group En compl\u00e9ment de notre large gamme de produits d\u00e9j\u00e0 manufactur\u00e9s, notre \u00e9quipe poss\u00e8de une riche exp\u00e9rience dans les produits de sous-traitance : A partir des mati\u00e8res premi\u00e8res suivantes Laiton, cuivre, bronze, aluminium, acier, bois et polym\u00e8res, nous produisons :<\/p>\n","protected":false},"author":1,"featured_media":0,"parent":0,"menu_order":15,"comment_status":"closed","ping_status":"closed","template":"template-oem.php","meta":{"footnotes":""},"class_list":["post-765","page","type-page","status-publish","hentry"],"acf":[],"_links":{"self":[{"href":"https:\/\/mulleribagroup.com\/fr\/wp-json\/wp\/v2\/pages\/765","targetHints":{"allow":["GET"]}}],"collection":[{"href":"https:\/\/mulleribagroup.com\/fr\/wp-json\/wp\/v2\/pages"}],"about":[{"href":"https:\/\/mulleribagroup.com\/fr\/wp-json\/wp\/v2\/types\/page"}],"author":[{"embeddable":true,"href":"https:\/\/mulleribagroup.com\/fr\/wp-json\/wp\/v2\/users\/1"}],"replies":[{"embeddable":true,"href":"https:\/\/mulleribagroup.com\/fr\/wp-json\/wp\/v2\/comments?post=765"}],"version-history":[{"count":24,"href":"https:\/\/mulleribagroup.com\/fr\/wp-json\/wp\/v2\/pages\/765\/revisions"}],"predecessor-version":[{"id":1494,"href":"https:\/\/mulleribagroup.com\/fr\/wp-json\/wp\/v2\/pages\/765\/revisions\/1494"}],"wp:attachment":[{"href":"https:\/\/mulleribagroup.com\/fr\/wp-json\/wp\/v2\/media?parent=765"}],"curies":[{"name":"wp","href":"https:\/\/api.w.org\/{rel}","templated":true}]}}