{"id":775,"date":"2018-10-20T09:16:02","date_gmt":"2018-10-20T09:16:02","guid":{"rendered":"https:\/\/mulleribagroup.com\/?page_id=775"},"modified":"2019-01-22T02:49:39","modified_gmt":"2019-01-22T02:49:39","slug":"plumbing","status":"publish","type":"page","link":"https:\/\/mulleribagroup.com\/fr\/products\/plumbing\/","title":{"rendered":"Hydrocabl\u00e9 (aper\u00e7u)"},"content":{"rendered":"<p>Nous produisons une large gamme de produits dans nos usines certifi\u00e9es. Toutes sortes de mati\u00e8res premi\u00e8res peuvent \u00eatre utilis\u00e9es conform\u00e9ment au cahier des charges, y compris le laiton sans plomb.<br \/>\nNous produisons des produits sur plans, ainsi que des produits standards b\u00e9n\u00e9ficiant de normes, CE, ACS, cUPC\u2026..<\/p>\n<p>Avec plus de <strong>5000 r\u00e9f\u00e9rences<\/strong> produites, il nous est<strong> impossible de toutes les lister<\/strong> sur ce site. Nous ne repr\u00e9sentons ici qu\u00b4un produit par famille. N\u00b4h\u00e9sitez pas \u00e0 <strong>nous contacter<\/strong> pour vos besoins.<\/p>\n<p>Nous avons plus de 23 ans d\u00b4exp\u00e9rience dans cette industrie. Vous \u00eates entre de bonnes mains.<\/p>\n","protected":false},"excerpt":{"rendered":"<p>Nous produisons une large gamme de produits dans nos usines certifi\u00e9es. Toutes sortes de mati\u00e8res premi\u00e8res peuvent \u00eatre utilis\u00e9es conform\u00e9ment au cahier des charges, y compris le laiton sans plomb. Nous produisons des produits sur plans, ainsi que des produits standards b\u00e9n\u00e9ficiant de normes, CE, ACS, cUPC\u2026.. Avec plus de 5000 r\u00e9f\u00e9rences produites, il nous [&hellip;]<\/p>\n","protected":false},"author":1,"featured_media":0,"parent":765,"menu_order":16,"comment_status":"closed","ping_status":"closed","template":"template-plumbing.php","meta":{"footnotes":""},"class_list":["post-775","page","type-page","status-publish","hentry"],"acf":[],"_links":{"self":[{"href":"https:\/\/mulleribagroup.com\/fr\/wp-json\/wp\/v2\/pages\/775","targetHints":{"allow":["GET"]}}],"collection":[{"href":"https:\/\/mulleribagroup.com\/fr\/wp-json\/wp\/v2\/pages"}],"about":[{"href":"https:\/\/mulleribagroup.com\/fr\/wp-json\/wp\/v2\/types\/page"}],"author":[{"embeddable":true,"href":"https:\/\/mulleribagroup.com\/fr\/wp-json\/wp\/v2\/users\/1"}],"replies":[{"embeddable":true,"href":"https:\/\/mulleribagroup.com\/fr\/wp-json\/wp\/v2\/comments?post=775"}],"version-history":[{"count":18,"href":"https:\/\/mulleribagroup.com\/fr\/wp-json\/wp\/v2\/pages\/775\/revisions"}],"predecessor-version":[{"id":1543,"href":"https:\/\/mulleribagroup.com\/fr\/wp-json\/wp\/v2\/pages\/775\/revisions\/1543"}],"up":[{"embeddable":true,"href":"https:\/\/mulleribagroup.com\/fr\/wp-json\/wp\/v2\/pages\/765"}],"wp:attachment":[{"href":"https:\/\/mulleribagroup.com\/fr\/wp-json\/wp\/v2\/media?parent=775"}],"curies":[{"name":"wp","href":"https:\/\/api.w.org\/{rel}","templated":true}]}}