{"id":795,"date":"2018-11-15T05:25:56","date_gmt":"2018-11-15T05:25:56","guid":{"rendered":"https:\/\/mulleribagroup.com\/?page_id=795"},"modified":"2019-01-14T21:28:23","modified_gmt":"2019-01-14T21:28:23","slug":"bathroom-kitchen","status":"publish","type":"page","link":"https:\/\/mulleribagroup.com\/fr\/products\/bathroom-kitchen\/","title":{"rendered":"cuisines et SDB (Aper\u00e7u)"},"content":{"rendered":"<p>Nous produisons des meubles de salle de bain dans nos usines ultra modernes \u00e9quip\u00e9es des machines les plus r\u00e9centes. Certifi\u00e9es ISO 9001 elles respectent ou exc\u00e8dent les normes environnementales les plus strictes. De nombreux mod\u00e8les sont disponibles. <strong>Les produits sur plans sont bienvenus<\/strong>.<\/p>\n","protected":false},"excerpt":{"rendered":"<p>Nous produisons des meubles de salle de bain dans nos usines ultra modernes \u00e9quip\u00e9es des machines les plus r\u00e9centes. Certifi\u00e9es ISO 9001 elles respectent ou exc\u00e8dent les normes environnementales les plus strictes. De nombreux mod\u00e8les sont disponibles. Les produits sur plans sont bienvenus.<\/p>\n","protected":false},"author":1,"featured_media":0,"parent":765,"menu_order":28,"comment_status":"closed","ping_status":"closed","template":"template-plumbing.php","meta":{"footnotes":""},"class_list":["post-795","page","type-page","status-publish","hentry"],"acf":[],"_links":{"self":[{"href":"https:\/\/mulleribagroup.com\/fr\/wp-json\/wp\/v2\/pages\/795","targetHints":{"allow":["GET"]}}],"collection":[{"href":"https:\/\/mulleribagroup.com\/fr\/wp-json\/wp\/v2\/pages"}],"about":[{"href":"https:\/\/mulleribagroup.com\/fr\/wp-json\/wp\/v2\/types\/page"}],"author":[{"embeddable":true,"href":"https:\/\/mulleribagroup.com\/fr\/wp-json\/wp\/v2\/users\/1"}],"replies":[{"embeddable":true,"href":"https:\/\/mulleribagroup.com\/fr\/wp-json\/wp\/v2\/comments?post=795"}],"version-history":[{"count":8,"href":"https:\/\/mulleribagroup.com\/fr\/wp-json\/wp\/v2\/pages\/795\/revisions"}],"predecessor-version":[{"id":1501,"href":"https:\/\/mulleribagroup.com\/fr\/wp-json\/wp\/v2\/pages\/795\/revisions\/1501"}],"up":[{"embeddable":true,"href":"https:\/\/mulleribagroup.com\/fr\/wp-json\/wp\/v2\/pages\/765"}],"wp:attachment":[{"href":"https:\/\/mulleribagroup.com\/fr\/wp-json\/wp\/v2\/media?parent=795"}],"curies":[{"name":"wp","href":"https:\/\/api.w.org\/{rel}","templated":true}]}}